{"id":17,"date":"2024-08-24T17:22:41","date_gmt":"2024-08-24T17:22:41","guid":{"rendered":"https:\/\/themenectar.com\/salient\/portfolio-flare\/?page_id=17"},"modified":"2025-04-11T10:29:09","modified_gmt":"2025-04-11T13:29:09","slug":"portfolio-flare-landing","status":"publish","type":"page","link":"https:\/\/jooe.com.br\/","title":{"rendered":"Home"},"content":{"rendered":"[vc_row type=&#8221;full_width_background&#8221; full_screen_row_position=&#8221;middle&#8221; column_margin=&#8221;default&#8221; column_direction=&#8221;default&#8221; column_direction_tablet=&#8221;default&#8221; column_direction_phone=&#8221;default&#8221; bg_color=&#8221;#262626&#8243; bg_image=&#8221;396&#8243; bg_position=&#8221;center center&#8221; background_image_loading=&#8221;skip-lazy-load&#8221; bg_repeat=&#8221;no-repeat&#8221; full_height=&#8221;yes&#8221; columns_placement=&#8221;bottom&#8221; scene_position=&#8221;center&#8221; text_color=&#8221;light&#8221; text_align=&#8221;left&#8221; row_border_radius=&#8221;none&#8221; row_border_radius_applies=&#8221;bg&#8221; overflow=&#8221;visible&#8221; advanced_gradient=&#8221;linear-gradient(0deg, rgb(0,0,0) 0%, rgba(0,0,0,252) 0%, rgba(0,0,0,0) 43%)&#8221; shape_divider_position=&#8221;bottom&#8221; bg_image_animation=&#8221;zoom-out&#8221; mobile_disable_bg_image_animation=&#8221;true&#8221; parallax_bg=&#8221;true&#8221; parallax_bg_speed=&#8221;medium_fast&#8221; gradient_type=&#8221;advanced&#8221; shape_type=&#8221;&#8221; advanced_gradient_display_type=&#8221;linear&#8221;][vc_column bottom_padding_desktop=&#8221;40px&#8221; column_element_direction_desktop=&#8221;default&#8221; column_element_spacing=&#8221;default&#8221; desktop_text_alignment=&#8221;default&#8221; tablet_text_alignment=&#8221;default&#8221; phone_text_alignment=&#8221;default&#8221; background_color_opacity=&#8221;1&#8243; background_hover_color_opacity=&#8221;1&#8243; column_backdrop_filter=&#8221;none&#8221; column_shadow=&#8221;none&#8221; column_border_radius=&#8221;none&#8221; column_link_target=&#8221;_self&#8221; column_position=&#8221;default&#8221; gradient_direction=&#8221;left_to_right&#8221; overlay_strength=&#8221;0.3&#8243; width=&#8221;1\/1&#8243; tablet_width_inherit=&#8221;default&#8221; animation_type=&#8221;default&#8221; bg_image_animation=&#8221;none&#8221; border_type=&#8221;simple&#8221; column_border_width=&#8221;none&#8221; column_border_style=&#8221;solid&#8221; column_padding_type=&#8221;advanced&#8221; gradient_type=&#8221;default&#8221;][vc_row_inner equal_height=&#8221;yes&#8221; content_placement=&#8221;bottom&#8221; column_margin=&#8221;10px&#8221; column_direction=&#8221;default&#8221; column_direction_tablet=&#8221;default&#8221; column_direction_phone=&#8221;default&#8221; text_align=&#8221;left&#8221; row_position=&#8221;default&#8221; row_position_tablet=&#8221;inherit&#8221; row_position_phone=&#8221;inherit&#8221; overflow=&#8221;visible&#8221; pointer_events=&#8221;all&#8221;][vc_column_inner right_padding_desktop=&#8221;15%&#8221; right_padding_tablet=&#8221;50%&#8221; right_padding_phone=&#8221;15%&#8221; column_element_direction_desktop=&#8221;default&#8221; column_element_spacing=&#8221;default&#8221; desktop_text_alignment=&#8221;default&#8221; tablet_text_alignment=&#8221;default&#8221; phone_text_alignment=&#8221;default&#8221; background_color_opacity=&#8221;1&#8243; background_hover_color_opacity=&#8221;1&#8243; column_backdrop_filter=&#8221;none&#8221; column_shadow=&#8221;none&#8221; column_border_radius=&#8221;none&#8221; column_link_target=&#8221;_self&#8221; overflow=&#8221;visible&#8221; gradient_direction=&#8221;left_to_right&#8221; overlay_strength=&#8221;0.3&#8243; width=&#8221;1\/2&#8243; tablet_width_inherit=&#8221;default&#8221; animation_type=&#8221;default&#8221; bg_image_animation=&#8221;none&#8221; border_type=&#8221;simple&#8221; column_border_width=&#8221;none&#8221; column_border_style=&#8221;solid&#8221; column_padding_type=&#8221;advanced&#8221; gradient_type=&#8221;default&#8221;][split_line_heading animation_type=&#8221;line-reveal-by-space&#8221; font_style=&#8221;h1&#8243; font_size_max=&#8221;108px&#8221; line_reveal_by_space_text_effect=&#8221;letter-reveal-bottom&#8221; stagger_animation=&#8221;true&#8221; content_alignment=&#8221;default&#8221; mobile_content_alignment=&#8221;inherit&#8221; link_target=&#8221;_self&#8221; text_content=&#8221;Jooe Produ\u00e7\u00f5es&#8221; text_direction=&#8221;default&#8221; font_size=&#8221;6vw&#8221; font_line_height=&#8221;1&#8243; font_size_tablet=&#8221;10vw&#8221; font_size_phone=&#8221;12vw&#8221;][\/split_line_heading][\/vc_column_inner][vc_column_inner left_padding_desktop=&#8221;30%&#8221; left_padding_tablet=&#8221;0&#8243; right_padding_tablet=&#8221;30%&#8221; right_padding_phone=&#8221;0&#8243; column_element_direction_desktop=&#8221;default&#8221; column_element_spacing=&#8221;default&#8221; desktop_text_alignment=&#8221;default&#8221; tablet_text_alignment=&#8221;default&#8221; phone_text_alignment=&#8221;default&#8221; background_color_opacity=&#8221;1&#8243; background_hover_color_opacity=&#8221;1&#8243; column_backdrop_filter=&#8221;none&#8221; column_shadow=&#8221;none&#8221; column_border_radius=&#8221;none&#8221; column_link_target=&#8221;_self&#8221; overflow=&#8221;visible&#8221; gradient_direction=&#8221;left_to_right&#8221; overlay_strength=&#8221;0.3&#8243; width=&#8221;1\/3&#8243; tablet_width_inherit=&#8221;default&#8221; animation_type=&#8221;default&#8221; enable_animation=&#8221;true&#8221; animation=&#8221;fade-in&#8221; animation_easing=&#8221;default&#8221; bg_image_animation=&#8221;none&#8221; border_type=&#8221;simple&#8221; column_border_width=&#8221;none&#8221; column_border_style=&#8221;solid&#8221; column_padding_type=&#8221;advanced&#8221; gradient_type=&#8221;default&#8221; delay=&#8221;300&#8243; offset=&#8221;vc_col-xs-9&#8243;][nectar_responsive_text inherited_font_style=&#8221;default&#8221; font_size_min=&#8221;16px&#8221; font_size_max=&#8221;22px&#8221; font_size_desktop=&#8221;1.3vw&#8221; font_line_height=&#8221;1.6&#8243; text_direction=&#8221;default&#8221; max_width=&#8221;375px&#8221;]Nascidos para Criar<br \/>\nProdu\u00e7\u00e3o completa Audiovisual e Web.[\/nectar_responsive_text][\/vc_column_inner][vc_column_inner column_padding=&#8221;no-extra-padding&#8221; column_padding_tablet=&#8221;inherit&#8221; column_padding_phone=&#8221;inherit&#8221; column_padding_position=&#8221;all&#8221; column_element_direction_desktop=&#8221;default&#8221; column_element_spacing=&#8221;default&#8221; desktop_text_alignment=&#8221;right&#8221; tablet_text_alignment=&#8221;default&#8221; phone_text_alignment=&#8221;default&#8221; background_color_opacity=&#8221;1&#8243; background_hover_color_opacity=&#8221;1&#8243; column_backdrop_filter=&#8221;none&#8221; column_shadow=&#8221;none&#8221; column_border_radius=&#8221;none&#8221; column_link_target=&#8221;_self&#8221; overflow=&#8221;visible&#8221; gradient_direction=&#8221;left_to_right&#8221; overlay_strength=&#8221;0.3&#8243; width=&#8221;1\/6&#8243; tablet_width_inherit=&#8221;default&#8221; animation_type=&#8221;default&#8221; enable_animation=&#8221;true&#8221; animation=&#8221;fade-in&#8221; animation_easing=&#8221;default&#8221; bg_image_animation=&#8221;none&#8221; border_type=&#8221;simple&#8221; column_border_width=&#8221;none&#8221; column_border_style=&#8221;solid&#8221; column_padding_type=&#8221;default&#8221; gradient_type=&#8221;default&#8221; delay=&#8221;500&#8243; offset=&#8221;vc_col-xs-3&#8243;][nectar_cta btn_style=&#8221;next-section&#8221; btn_type=&#8221;minimal-arrow&#8221; alignment=&#8221;right&#8221; alignment_tablet=&#8221;right&#8221; alignment_phone=&#8221;default&#8221; display_tablet=&#8221;inherit&#8221; display_phone=&#8221;inherit&#8221;][\/vc_column_inner][\/vc_row_inner][\/vc_column][\/vc_row][vc_row type=&#8221;full_width_background&#8221; full_screen_row_position=&#8221;middle&#8221; column_margin=&#8221;default&#8221; column_direction=&#8221;default&#8221; column_direction_tablet=&#8221;default&#8221; column_direction_phone=&#8221;default&#8221; bg_color=&#8221;#000000&#8243; scene_position=&#8221;center&#8221; top_padding=&#8221;10%&#8221; bottom_padding=&#8221;6%&#8221; top_padding_tablet=&#8221;14%&#8221; text_color=&#8221;light&#8221; text_align=&#8221;left&#8221; row_border_radius=&#8221;none&#8221; row_border_radius_applies=&#8221;bg&#8221; overflow=&#8221;visible&#8221; id=&#8221;awards&#8221; overlay_strength=&#8221;0.8&#8243; gradient_direction=&#8221;left_to_right&#8221; shape_divider_position=&#8221;bottom&#8221; bg_image_animation=&#8221;none&#8221; shape_type=&#8221;&#8221; gradient_type=&#8221;default&#8221;][vc_column column_padding=&#8221;no-extra-padding&#8221; column_padding_tablet=&#8221;inherit&#8221; column_padding_phone=&#8221;inherit&#8221; column_padding_position=&#8221;all&#8221; column_element_direction_desktop=&#8221;default&#8221; column_element_spacing=&#8221;20px&#8221; desktop_text_alignment=&#8221;default&#8221; tablet_text_alignment=&#8221;default&#8221; phone_text_alignment=&#8221;default&#8221; background_color_opacity=&#8221;1&#8243; background_hover_color_opacity=&#8221;1&#8243; column_backdrop_filter=&#8221;none&#8221; column_shadow=&#8221;none&#8221; column_border_radius=&#8221;none&#8221; column_link_target=&#8221;_self&#8221; column_position=&#8221;default&#8221; gradient_direction=&#8221;left_to_right&#8221; overlay_strength=&#8221;0.3&#8243; width=&#8221;1\/1&#8243; tablet_width_inherit=&#8221;default&#8221; animation_type=&#8221;default&#8221; bg_image_animation=&#8221;none&#8221; border_type=&#8221;simple&#8221; column_border_width=&#8221;none&#8221; column_border_style=&#8221;solid&#8221; column_padding_type=&#8221;default&#8221; gradient_type=&#8221;default&#8221;][vc_row_inner column_margin=&#8221;default&#8221; column_direction=&#8221;default&#8221; column_direction_tablet=&#8221;default&#8221; column_direction_phone=&#8221;default&#8221; bottom_padding=&#8221;1%&#8221; right_padding_desktop=&#8221;40%&#8221; right_padding_phone=&#8221;0&#8243; text_align=&#8221;left&#8221; row_position=&#8221;default&#8221; row_position_tablet=&#8221;inherit&#8221; row_position_phone=&#8221;inherit&#8221; overflow=&#8221;visible&#8221; pointer_events=&#8221;all&#8221;][vc_column_inner column_padding=&#8221;no-extra-padding&#8221; column_padding_tablet=&#8221;inherit&#8221; column_padding_phone=&#8221;inherit&#8221; column_padding_position=&#8221;all&#8221; column_element_direction_desktop=&#8221;default&#8221; column_element_spacing=&#8221;default&#8221; desktop_text_alignment=&#8221;default&#8221; tablet_text_alignment=&#8221;default&#8221; phone_text_alignment=&#8221;default&#8221; background_color_opacity=&#8221;1&#8243; background_hover_color_opacity=&#8221;1&#8243; column_backdrop_filter=&#8221;none&#8221; column_shadow=&#8221;none&#8221; column_border_radius=&#8221;none&#8221; column_link_target=&#8221;_self&#8221; overflow=&#8221;visible&#8221; gradient_direction=&#8221;left_to_right&#8221; overlay_strength=&#8221;0.3&#8243; width=&#8221;1\/1&#8243; tablet_width_inherit=&#8221;default&#8221; animation_type=&#8221;default&#8221; bg_image_animation=&#8221;none&#8221; border_type=&#8221;simple&#8221; column_border_width=&#8221;none&#8221; column_border_style=&#8221;solid&#8221;][split_line_heading animation_type=&#8221;line-reveal-by-space&#8221; font_style=&#8221;h2&#8243; font_size_max=&#8221;108px&#8221; line_reveal_by_space_text_effect=&#8221;letter-reveal-bottom&#8221; stagger_animation=&#8221;true&#8221; content_alignment=&#8221;default&#8221; mobile_content_alignment=&#8221;inherit&#8221; link_target=&#8221;_self&#8221; text_content=&#8221;Servi\u00e7os&#8221; font_size=&#8221;6vw&#8221; text_direction=&#8221;default&#8221; font_line_height=&#8221;1&#8243; font_size_tablet=&#8221;7vw&#8221;][\/split_line_heading][\/vc_column_inner][\/vc_row_inner][vc_row_inner column_margin=&#8221;none&#8221; column_direction=&#8221;default&#8221; column_direction_tablet=&#8221;default&#8221; column_direction_phone=&#8221;default&#8221; text_align=&#8221;left&#8221; row_position=&#8221;default&#8221; row_position_tablet=&#8221;inherit&#8221; row_position_phone=&#8221;inherit&#8221; overflow=&#8221;visible&#8221; pointer_events=&#8221;all&#8221;][vc_column_inner column_padding=&#8221;no-extra-padding&#8221; column_padding_tablet=&#8221;inherit&#8221; column_padding_phone=&#8221;inherit&#8221; column_padding_position=&#8221;all&#8221; column_element_direction_desktop=&#8221;default&#8221; column_element_spacing=&#8221;default&#8221; desktop_text_alignment=&#8221;default&#8221; tablet_text_alignment=&#8221;default&#8221; phone_text_alignment=&#8221;default&#8221; background_color_opacity=&#8221;1&#8243; background_hover_color_opacity=&#8221;1&#8243; column_backdrop_filter=&#8221;none&#8221; column_shadow=&#8221;none&#8221; column_border_radius=&#8221;none&#8221; column_link_target=&#8221;_self&#8221; overflow=&#8221;visible&#8221; gradient_direction=&#8221;left_to_right&#8221; overlay_strength=&#8221;0.3&#8243; width=&#8221;1\/1&#8243; tablet_width_inherit=&#8221;default&#8221; animation_type=&#8221;default&#8221; bg_image_animation=&#8221;none&#8221; border_type=&#8221;simple&#8221; column_border_width=&#8221;none&#8221; column_border_style=&#8221;solid&#8221; column_padding_type=&#8221;default&#8221; gradient_type=&#8221;default&#8221;][nectar_horizontal_list_item columns=&#8221;2&#8243; column_layout_using_2_columns=&#8221;even&#8221; responsive_display=&#8221;multiple_columns&#8221; col_1_text_align=&#8221;left&#8221; col_2_text_align=&#8221;left&#8221; col_1_text_element=&#8221;h3&#8243; col_2_text_element=&#8221;p&#8221; font_family=&#8221;p&#8221; hover_effect=&#8221;none&#8221; border_animation=&#8221;true&#8221; border_color=&#8221;#ffffff&#8221; icon_family=&#8221;none&#8221; icon_size=&#8221;large&#8221; col_1_content=&#8221;Desenvolvimento Web&#8221; col_2_content=&#8221;Sites &amp; E-commerce&#8221;][nectar_horizontal_list_item columns=&#8221;2&#8243; column_layout_using_2_columns=&#8221;even&#8221; responsive_display=&#8221;multiple_columns&#8221; col_1_text_align=&#8221;left&#8221; col_2_text_align=&#8221;left&#8221; col_1_text_element=&#8221;h3&#8243; col_2_text_element=&#8221;p&#8221; font_family=&#8221;p&#8221; hover_effect=&#8221;none&#8221; border_animation=&#8221;true&#8221; border_color=&#8221;#ffffff&#8221; icon_family=&#8221;none&#8221; icon_size=&#8221;large&#8221; col_1_content=&#8221;Web Vendas&#8221; col_2_content=&#8221;Landing pages&#8221;][nectar_horizontal_list_item columns=&#8221;2&#8243; column_layout_using_2_columns=&#8221;even&#8221; responsive_display=&#8221;multiple_columns&#8221; col_1_text_align=&#8221;left&#8221; col_2_text_align=&#8221;left&#8221; col_1_text_element=&#8221;h3&#8243; col_2_text_element=&#8221;p&#8221; font_family=&#8221;p&#8221; hover_effect=&#8221;none&#8221; border_animation=&#8221;true&#8221; border_color=&#8221;#ffffff&#8221; icon_family=&#8221;none&#8221; icon_size=&#8221;large&#8221; col_1_content=&#8221;Capta\u00e7\u00e3o Drones&#8221; col_2_content=&#8221;Takes 4k&#8221;][nectar_horizontal_list_item columns=&#8221;2&#8243; column_layout_using_2_columns=&#8221;even&#8221; responsive_display=&#8221;multiple_columns&#8221; col_1_text_align=&#8221;left&#8221; col_2_text_align=&#8221;left&#8221; col_1_text_element=&#8221;h3&#8243; col_2_text_element=&#8221;p&#8221; font_family=&#8221;p&#8221; hover_effect=&#8221;none&#8221; border_animation=&#8221;true&#8221; border_color=&#8221;#ffffff&#8221; icon_family=&#8221;none&#8221; icon_size=&#8221;large&#8221; col_1_content=&#8221;Drones FPV&#8221; col_2_content=&#8221;Voos especiais inside&#8221;][nectar_horizontal_list_item columns=&#8221;2&#8243; column_layout_using_2_columns=&#8221;even&#8221; responsive_display=&#8221;multiple_columns&#8221; col_1_text_align=&#8221;left&#8221; col_2_text_align=&#8221;left&#8221; col_1_text_element=&#8221;h3&#8243; col_2_text_element=&#8221;p&#8221; font_family=&#8221;p&#8221; hover_effect=&#8221;none&#8221; border_animation=&#8221;true&#8221; border_color=&#8221;#ffffff&#8221; icon_family=&#8221;none&#8221; icon_size=&#8221;large&#8221; col_1_content=&#8221;Produ\u00e7\u00e3o de Cursos&#8221; col_2_content=&#8221;Capta\u00e7\u00e3o, Edi\u00e7\u00e3o e Web develop&#8221;][nectar_horizontal_list_item columns=&#8221;2&#8243; column_layout_using_2_columns=&#8221;even&#8221; responsive_display=&#8221;multiple_columns&#8221; col_1_text_align=&#8221;left&#8221; col_2_text_align=&#8221;left&#8221; col_1_text_element=&#8221;h3&#8243; col_2_text_element=&#8221;p&#8221; font_family=&#8221;p&#8221; hover_effect=&#8221;none&#8221; border_animation=&#8221;true&#8221; border_color=&#8221;#ffffff&#8221; icon_family=&#8221;none&#8221; icon_size=&#8221;large&#8221; col_1_content=&#8221;Produ\u00e7\u00e3o de V\u00eddeos&#8221; col_2_content=&#8221;Capta\u00e7\u00e3o e Edi\u00e7\u00e3o&#8221;][nectar_horizontal_list_item columns=&#8221;2&#8243; column_layout_using_2_columns=&#8221;even&#8221; responsive_display=&#8221;multiple_columns&#8221; col_1_text_align=&#8221;left&#8221; col_2_text_align=&#8221;left&#8221; col_1_text_element=&#8221;h3&#8243; col_2_text_element=&#8221;p&#8221; font_family=&#8221;p&#8221; hover_effect=&#8221;none&#8221; border_animation=&#8221;true&#8221; border_color=&#8221;#ffffff&#8221; icon_family=&#8221;none&#8221; icon_size=&#8221;large&#8221; col_1_content=&#8221;Produ\u00e7\u00e3o Podcast&#8221; col_2_content=&#8221;Edi\u00e7\u00e3o e Capta\u00e7\u00e3o&#8221;][\/vc_column_inner][\/vc_row_inner][\/vc_column][\/vc_row][vc_row type=&#8221;full_width_content&#8221; full_screen_row_position=&#8221;middle&#8221; column_margin=&#8221;default&#8221; column_direction=&#8221;default&#8221; column_direction_tablet=&#8221;default&#8221; column_direction_phone=&#8221;default&#8221; bg_color=&#8221;#000000&#8243; scene_position=&#8221;center&#8221; top_padding=&#8221;80&#8243; left_padding_desktop=&#8221;40&#8243; constrain_group_2=&#8221;yes&#8221; right_padding_desktop=&#8221;40&#8243; top_padding_tablet=&#8221;40&#8243; left_padding_tablet=&#8221;6%&#8221; constrain_group_4=&#8221;yes&#8221; right_padding_tablet=&#8221;6%&#8221; text_color=&#8221;light&#8221; text_align=&#8221;left&#8221; row_border_radius=&#8221;none&#8221; row_border_radius_applies=&#8221;bg&#8221; overflow=&#8221;visible&#8221; id=&#8221;work&#8221; overlay_strength=&#8221;0.3&#8243; gradient_direction=&#8221;left_to_right&#8221; shape_divider_position=&#8221;bottom&#8221; bg_image_animation=&#8221;none&#8221; gradient_type=&#8221;default&#8221; shape_type=&#8221;&#8221;][vc_column column_padding=&#8221;no-extra-padding&#8221; column_padding_tablet=&#8221;inherit&#8221; column_padding_phone=&#8221;inherit&#8221; column_padding_position=&#8221;all&#8221; column_element_direction_desktop=&#8221;default&#8221; column_element_spacing=&#8221;default&#8221; desktop_text_alignment=&#8221;default&#8221; tablet_text_alignment=&#8221;default&#8221; phone_text_alignment=&#8221;default&#8221; background_color_opacity=&#8221;1&#8243; background_hover_color_opacity=&#8221;1&#8243; column_backdrop_filter=&#8221;none&#8221; column_shadow=&#8221;none&#8221; column_border_radius=&#8221;none&#8221; column_link_target=&#8221;_self&#8221; column_position=&#8221;default&#8221; gradient_direction=&#8221;left_to_right&#8221; overlay_strength=&#8221;0.3&#8243; width=&#8221;1\/1&#8243; tablet_width_inherit=&#8221;default&#8221; animation_type=&#8221;default&#8221; bg_image_animation=&#8221;none&#8221; border_type=&#8221;simple&#8221; column_border_width=&#8221;none&#8221; column_border_style=&#8221;solid&#8221;][nectar_post_grid post_type=&#8221;portfolio&#8221; portfolio_category=&#8221;all&#8221; portfolio_starting_category=&#8221;all&#8221; order=&#8221;DESC&#8221; orderby=&#8221;date&#8221; stack_animation_effect=&#8221;blurred_scale&#8221; columns=&#8221;1&#8243; columns_tablet=&#8221;default&#8221; columns_phone=&#8221;default&#8221; grid_item_spacing=&#8221;40px&#8221; grid_item_height=&#8221;80vh&#8221; image_size=&#8221;full&#8221; image_loading=&#8221;lazy-load&#8221; heading_tag=&#8221;h2&#8243; font_size_max=&#8221;220px&#8221; enable_indicator=&#8221;yes&#8221; mouse_indicator_style=&#8221;tooltip_text&#8221; mouse_indicator_text=&#8221;view&#8221; mouse_indicator_color=&#8221;rgba(0,0,0,0.23)&#8221; mouse_indicator_text_color=&#8221;#ffffff&#8221; mouse_indicator_blurred_bg=&#8221;yes&#8221; display_categories=&#8221;yes&#8221; category_functionality=&#8221;static&#8221; category_style=&#8221;see-through-button&#8221; category_display=&#8221;parent_only&#8221; display_excerpt=&#8221;yes&#8221; excerpt_display=&#8221;default&#8221; display_date=&#8221;yes&#8221; additional_meta_size=&#8221;small&#8221; custom_fields_location=&#8221;before_post_meta&#8221; custom_fields=&#8221;%5B%5D&#8221; grid_style=&#8221;content_overlaid&#8221; text_content_layout=&#8221;all_middle&#8221; color_overlay=&#8221;#141414&#8243; color_overlay_opacity=&#8221;0.3&#8243; color_overlay_hover_opacity=&#8221;0.3&#8243; text_color=&#8221;light&#8221; text_color_hover=&#8221;light&#8221; text_opacity=&#8221;1&#8243; text_hover_opacity=&#8221;1&#8243; hover_effect=&#8221;none&#8221; border_radius=&#8221;25px&#8221; posts_per_page=&#8221;5&#8243; display_type=&#8221;stack&#8221; custom_font_size=&#8221;12vw&#8221; font_size_tablet=&#8221;12vw&#8221; image_loading_lazy_skip=&#8221;1&#8243;][\/vc_column][\/vc_row]\n","protected":false},"excerpt":{"rendered":"<p>[vc_row type=&#8221;full_width_background&#8221; full_screen_row_position=&#8221;middle&#8221; column_margin=&#8221;default&#8221; column_direction=&#8221;default&#8221; column_direction_tablet=&#8221;default&#8221; column_direction_phone=&#8221;default&#8221; bg_color=&#8221;#262626&#8243; bg_image=&#8221;396&#8243; bg_position=&#8221;center center&#8221; background_image_loading=&#8221;skip-lazy-load&#8221; bg_repeat=&#8221;no-repeat&#8221; full_height=&#8221;yes&#8221; columns_placement=&#8221;bottom&#8221; scene_position=&#8221;center&#8221; text_color=&#8221;light&#8221; text_align=&#8221;left&#8221; row_border_radius=&#8221;none&#8221; row_border_radius_applies=&#8221;bg&#8221; overflow=&#8221;visible&#8221; advanced_gradient=&#8221;linear-gradient(0deg, rgb(0,0,0) 0%, rgba(0,0,0,252) 0%, rgba(0,0,0,0) 43%)&#8221; shape_divider_position=&#8221;bottom&#8221; bg_image_animation=&#8221;zoom-out&#8221;&#8230;<\/p>\n","protected":false},"author":1,"featured_media":0,"parent":0,"menu_order":0,"comment_status":"closed","ping_status":"closed","template":"","meta":{"footnotes":""},"class_list":["post-17","page","type-page","status-publish"],"_links":{"self":[{"href":"https:\/\/jooe.com.br\/index.php\/wp-json\/wp\/v2\/pages\/17","targetHints":{"allow":["GET"]}}],"collection":[{"href":"https:\/\/jooe.com.br\/index.php\/wp-json\/wp\/v2\/pages"}],"about":[{"href":"https:\/\/jooe.com.br\/index.php\/wp-json\/wp\/v2\/types\/page"}],"author":[{"embeddable":true,"href":"https:\/\/jooe.com.br\/index.php\/wp-json\/wp\/v2\/users\/1"}],"replies":[{"embeddable":true,"href":"https:\/\/jooe.com.br\/index.php\/wp-json\/wp\/v2\/comments?post=17"}],"version-history":[{"count":7,"href":"https:\/\/jooe.com.br\/index.php\/wp-json\/wp\/v2\/pages\/17\/revisions"}],"predecessor-version":[{"id":399,"href":"https:\/\/jooe.com.br\/index.php\/wp-json\/wp\/v2\/pages\/17\/revisions\/399"}],"wp:attachment":[{"href":"https:\/\/jooe.com.br\/index.php\/wp-json\/wp\/v2\/media?parent=17"}],"curies":[{"name":"wp","href":"https:\/\/api.w.org\/{rel}","templated":true}]}}